{"id":36141,"date":"2025-01-27T14:01:19","date_gmt":"2025-01-27T13:01:19","guid":{"rendered":"https:\/\/melaniemaquinay.com\/?post_type=product&#038;p=36141"},"modified":"2025-01-27T14:12:20","modified_gmt":"2025-01-27T13:12:20","slug":"pave-ceramique-blanco","status":"publish","type":"product","link":"https:\/\/melaniemaquinay.com\/en\/product\/pave-ceramique-blanco\/","title":{"rendered":"Pav\u00e9 C\u00e9ramique BLANCO"},"content":{"rendered":"<p>Cr\u00e9ation\u00a0 D\u00e9co sur toile &#8220;p\u00e9tales de c\u00e9ramique&#8221;<\/p>\n<p>Format 20X20CM<\/p>\n<p>Pi\u00e8ces unique, ces petits formats de formes model\u00e9es \/ cadres textur\u00e9s et tr\u00e8s brillants vous sont propos\u00e9s en plusieurs couleurs ( blanc, noir, beige, Jaune,&#8230; )<\/p>\n<p>Envoi Bpost \u00e0 domicile (5.50\u20ac)<\/p>\n<p>Envoi Mondial Relai (point relai proche de vous) 4\u20ac<\/p>\n<p>&nbsp;<\/p>\n<div id='gallery-1' class='gallery galleryid-36141 gallery-columns-3 gallery-size-thumbnail'><figure class='gallery-item'>\n\t\t\t<div class='gallery-icon landscape'>\n\t\t\t\t<a href='https:\/\/melaniemaquinay.com\/en\/?attachment_id=36145'><img decoding=\"async\" width=\"150\" height=\"150\" src=\"https:\/\/melaniemaquinay.com\/wp-content\/uploads\/2025\/01\/IMG_1416-150x150.jpeg\" class=\"attachment-thumbnail size-thumbnail\" alt=\"\" srcset=\"https:\/\/melaniemaquinay.com\/wp-content\/uploads\/2025\/01\/IMG_1416-150x150.jpeg 150w, https:\/\/melaniemaquinay.com\/wp-content\/uploads\/2025\/01\/IMG_1416-300x300.jpeg 300w, https:\/\/melaniemaquinay.com\/wp-content\/uploads\/2025\/01\/IMG_1416-1024x1022.jpeg 1024w, https:\/\/melaniemaquinay.com\/wp-content\/uploads\/2025\/01\/IMG_1416-768x767.jpeg 768w, https:\/\/melaniemaquinay.com\/wp-content\/uploads\/2025\/01\/IMG_1416-500x500.jpeg 500w, https:\/\/melaniemaquinay.com\/wp-content\/uploads\/2025\/01\/IMG_1416-1536x1533.jpeg 1536w, https:\/\/melaniemaquinay.com\/wp-content\/uploads\/2025\/01\/IMG_1416-2048x2044.jpeg 2048w, https:\/\/melaniemaquinay.com\/wp-content\/uploads\/2025\/01\/IMG_1416-600x599.jpeg 600w, https:\/\/melaniemaquinay.com\/wp-content\/uploads\/2025\/01\/IMG_1416-100x100.jpeg 100w\" sizes=\"(max-width: 150px) 100vw, 150px\" \/><\/a>\n\t\t\t<\/div><\/figure><figure class='gallery-item'>\n\t\t\t<div class='gallery-icon landscape'>\n\t\t\t\t<a href='https:\/\/melaniemaquinay.com\/en\/?attachment_id=36147'><img decoding=\"async\" width=\"150\" height=\"150\" src=\"https:\/\/melaniemaquinay.com\/wp-content\/uploads\/2025\/01\/IMG_1417-150x150.jpeg\" class=\"attachment-thumbnail size-thumbnail\" alt=\"\" srcset=\"https:\/\/melaniemaquinay.com\/wp-content\/uploads\/2025\/01\/IMG_1417-150x150.jpeg 150w, https:\/\/melaniemaquinay.com\/wp-content\/uploads\/2025\/01\/IMG_1417-300x300.jpeg 300w, https:\/\/melaniemaquinay.com\/wp-content\/uploads\/2025\/01\/IMG_1417-500x500.jpeg 500w, https:\/\/melaniemaquinay.com\/wp-content\/uploads\/2025\/01\/IMG_1417-100x100.jpeg 100w\" sizes=\"(max-width: 150px) 100vw, 150px\" \/><\/a>\n\t\t\t<\/div><\/figure><figure class='gallery-item'>\n\t\t\t<div class='gallery-icon landscape'>\n\t\t\t\t<a href='https:\/\/melaniemaquinay.com\/en\/?attachment_id=36149'><img decoding=\"async\" width=\"150\" height=\"150\" src=\"https:\/\/melaniemaquinay.com\/wp-content\/uploads\/2025\/01\/IMG_1418-150x150.jpeg\" class=\"attachment-thumbnail size-thumbnail\" alt=\"\" srcset=\"https:\/\/melaniemaquinay.com\/wp-content\/uploads\/2025\/01\/IMG_1418-150x150.jpeg 150w, https:\/\/melaniemaquinay.com\/wp-content\/uploads\/2025\/01\/IMG_1418-300x300.jpeg 300w, https:\/\/melaniemaquinay.com\/wp-content\/uploads\/2025\/01\/IMG_1418-500x500.jpeg 500w, https:\/\/melaniemaquinay.com\/wp-content\/uploads\/2025\/01\/IMG_1418-100x100.jpeg 100w\" sizes=\"(max-width: 150px) 100vw, 150px\" \/><\/a>\n\t\t\t<\/div><\/figure>\n\t\t<\/div>\n\n<p>&nbsp;<\/p>\n<p>&nbsp;<\/p>\n","protected":false},"excerpt":{"rendered":"<p>Cadre textur\u00e9 3D p\u00e9tales de c\u00e9ramique<\/p>\n","protected":false},"featured_media":36142,"template":"","meta":{"_acf_changed":false,"iawp_total_views":21},"product_brand":[],"product_cat":[747],"product_tag":[819,817,818,820],"class_list":{"0":"post-36141","1":"product","2":"type-product","3":"status-publish","4":"has-post-thumbnail","6":"product_cat-objet-dart","7":"product_tag-3d","8":"product_tag-ceramique","9":"product_tag-petales","10":"product_tag-texture","12":"first","13":"instock","14":"taxable","15":"shipping-taxable","16":"purchasable","17":"product-type-simple"},"acf":[],"_links":{"self":[{"href":"https:\/\/melaniemaquinay.com\/en\/wp-json\/wp\/v2\/product\/36141","targetHints":{"allow":["GET"]}}],"collection":[{"href":"https:\/\/melaniemaquinay.com\/en\/wp-json\/wp\/v2\/product"}],"about":[{"href":"https:\/\/melaniemaquinay.com\/en\/wp-json\/wp\/v2\/types\/product"}],"wp:featuredmedia":[{"embeddable":true,"href":"https:\/\/melaniemaquinay.com\/en\/wp-json\/wp\/v2\/media\/36142"}],"wp:attachment":[{"href":"https:\/\/melaniemaquinay.com\/en\/wp-json\/wp\/v2\/media?parent=36141"}],"wp:term":[{"taxonomy":"product_brand","embeddable":true,"href":"https:\/\/melaniemaquinay.com\/en\/wp-json\/wp\/v2\/product_brand?post=36141"},{"taxonomy":"product_cat","embeddable":true,"href":"https:\/\/melaniemaquinay.com\/en\/wp-json\/wp\/v2\/product_cat?post=36141"},{"taxonomy":"product_tag","embeddable":true,"href":"https:\/\/melaniemaquinay.com\/en\/wp-json\/wp\/v2\/product_tag?post=36141"}],"curies":[{"name":"wp","href":"https:\/\/api.w.org\/{rel}","templated":true}]}}