{"id":36005,"date":"2025-01-09T23:03:25","date_gmt":"2025-01-09T22:03:25","guid":{"rendered":"https:\/\/melaniemaquinay.com\/product\/tote-bag-photo-girl\/"},"modified":"2025-01-09T23:03:34","modified_gmt":"2025-01-09T22:03:34","slug":"tote-bag-photo-girl","status":"publish","type":"product","link":"https:\/\/melaniemaquinay.com\/en\/product\/tote-bag-photo-girl\/","title":{"rendered":"TOTE BAG &#8220;Photo Girl&#8221;"},"content":{"rendered":"<div>\n<p> Couvrez tous vos besoins en mati\u00e8re de transport de produits avec ces sacs fourre-tout \u00e0 longue poign\u00e9e tout en \u00e9tant respectueux de l&#8217;environnement. Ces sacs fourre-tout sont dot\u00e9s de coutures renforc\u00e9es sur les poign\u00e9es pour plus de stabilit\u00e9. Vos cr\u00e9ations uniques se d\u00e9marqueront sur ces sacs fourre-tout en tissu 100% coton. <\/p>\n<p> &#8211; Coutures renforc\u00e9es sur les poign\u00e9es<br \/>\n <br \/> &#8211; Grande zone imprimable sur le recto et le verso<br \/>\n <br \/> &#8211; Capacit\u00e9 10 litres <\/p>\n<p> &#8211; 100% coton<br \/>\n <br \/> &#8211; 100-170 g\/m\u00b2 (3-5 oz\/yard\u00b2)<\/p>\n<p> Ce produit est fabriqu\u00e9 \u00e0 la demande. Pas de minimum. <\/p>\n<\/p><\/div>\n<p><strong>Guide des tailles<\/strong><\/p>\n<table>\n<tr>\n<td>\u00a0<\/td>\n<td><strong>Tailles<\/strong><\/td>\n<\/tr>\n<tr>\n<td><strong>Anse (cm)<\/strong><\/td>\n<td>67<\/td>\n<\/tr>\n<tr>\n<td><strong>Longueur (cm)<\/strong><\/td>\n<td>42<\/td>\n<\/tr>\n<tr>\n<td><strong>Largeur (cm)<\/strong><\/td>\n<td>38<\/td>\n<\/tr>\n<\/table>\n<table>\n<tr>\n<td>\u00a0<\/td>\n<td><strong>Tailles<\/strong><\/td>\n<\/tr>\n<tr>\n<td><strong>Anse (pouces)<\/strong><\/td>\n<td>26.4<\/td>\n<\/tr>\n<tr>\n<td><strong>Longueur (pouces)<\/strong><\/td>\n<td>16.5<\/td>\n<\/tr>\n<tr>\n<td><strong>Largeur (pouces)<\/strong><\/td>\n<td>15<\/td>\n<\/tr>\n<\/table>\n<p><strong>Instructions d&#8217;entretien<\/strong><\/p>\n<table>\n<tr>\n<td>Lavage<\/td>\n<td>Machine, \u00e0 chaud, \u00e0 l&#8217;envers, couleurs similaires<\/td>\n<\/tr>\n<tr>\n<td>S\u00e9cher en machine<\/td>\n<td>Faible<\/td>\n<\/tr>\n<tr>\n<td>Blanchissement<\/td>\n<td>Uniquement sans chlore<\/td>\n<\/tr>\n<tr>\n<td>Nettoyage \u00e0 sec<\/td>\n<td>Ne pas nettoyer \u00e0 sec<\/td>\n<\/tr>\n<tr>\n<td>Repassage<\/td>\n<td>Ne pas repasser<\/td>\n<\/tr>\n<\/table>\n","protected":false},"excerpt":{"rendered":"<p>Couvrez tous vos besoins en mati\u00e8re de transport de produits avec ces sacs fourre-tout \u00e0 longue poign\u00e9e tout en \u00e9tant respectueux de l&#8217;environnement. Ces sacs fourre-tout sont dot\u00e9s de coutures renforc\u00e9es sur les poign\u00e9es pour plus de stabilit\u00e9. Vos cr\u00e9ations uniques se d\u00e9marqueront sur ces sacs fourre-tout en tissu 100% coton. &#8211; Coutures renforc\u00e9es sur [&hellip;]<\/p>\n","protected":false},"featured_media":36003,"template":"","meta":{"_acf_changed":false,"iawp_total_views":74},"product_brand":[],"product_cat":[20],"product_tag":[745],"class_list":{"0":"post-36005","1":"product","2":"type-product","3":"status-publish","4":"has-post-thumbnail","6":"product_cat-uncategorized","7":"product_tag-peinture-reproduction-toile-photo-design","9":"first","10":"instock","11":"taxable","12":"shipping-taxable","13":"purchasable","14":"product-type-simple"},"acf":[],"_links":{"self":[{"href":"https:\/\/melaniemaquinay.com\/en\/wp-json\/wp\/v2\/product\/36005","targetHints":{"allow":["GET"]}}],"collection":[{"href":"https:\/\/melaniemaquinay.com\/en\/wp-json\/wp\/v2\/product"}],"about":[{"href":"https:\/\/melaniemaquinay.com\/en\/wp-json\/wp\/v2\/types\/product"}],"wp:featuredmedia":[{"embeddable":true,"href":"https:\/\/melaniemaquinay.com\/en\/wp-json\/wp\/v2\/media\/36003"}],"wp:attachment":[{"href":"https:\/\/melaniemaquinay.com\/en\/wp-json\/wp\/v2\/media?parent=36005"}],"wp:term":[{"taxonomy":"product_brand","embeddable":true,"href":"https:\/\/melaniemaquinay.com\/en\/wp-json\/wp\/v2\/product_brand?post=36005"},{"taxonomy":"product_cat","embeddable":true,"href":"https:\/\/melaniemaquinay.com\/en\/wp-json\/wp\/v2\/product_cat?post=36005"},{"taxonomy":"product_tag","embeddable":true,"href":"https:\/\/melaniemaquinay.com\/en\/wp-json\/wp\/v2\/product_tag?post=36005"}],"curies":[{"name":"wp","href":"https:\/\/api.w.org\/{rel}","templated":true}]}}