{"id":35917,"date":"2024-11-28T16:46:50","date_gmt":"2024-11-28T15:46:50","guid":{"rendered":"https:\/\/melaniemaquinay.com\/product\/mug-ceramique-alex-white\/"},"modified":"2024-11-28T16:55:04","modified_gmt":"2024-11-28T15:55:04","slug":"mug-ceramique-alex-white","status":"publish","type":"product","link":"https:\/\/melaniemaquinay.com\/en\/product\/mug-ceramique-alex-white\/","title":{"rendered":"Mug c\u00e9ramique ALEX WHITE"},"content":{"rendered":"<div>\n<p>Ce magnifique mug en c\u00e9ramique est parfait pour tous les \u00e9v\u00e9nements de la journ\u00e9e : un caf\u00e9 du matin, un chocolat chaud, ou toute autre boisson chaude que vous appr\u00e9ciez. Le mug est d&#8217;un blanc brillant avec un bord, un int\u00e9rieur et une poign\u00e9e color\u00e9s. Les impressions sont superbes et \u00e9clatantes. L&#8217;impression conserve sa qualit\u00e9 et son \u00e9clat m\u00eame apr\u00e8s utilisation au micro-ondes et au lave-vaisselle.\n<\/p>\n<p>&#8211; Mug en c\u00e9ramique 325 ml (11 oz)<\/p>\n<p>&#8211; Va au micro-ondes<\/p>\n<p>&#8211; Bord, int\u00e9rieur et poign\u00e9e color\u00e9s<\/p>\n<p>&#8211; Zone d&#8217;impression blanche<\/p>\n<\/div>\n","protected":false},"excerpt":{"rendered":"<p>Ce magnifique mug en c\u00e9ramique est parfait pour tous les \u00e9v\u00e9nements de la journ\u00e9e : un caf\u00e9 du matin, un chocolat chaud, ou toute autre boisson chaude que vous appr\u00e9ciez. Le mug est d&#8217;un blanc brillant avec un bord, un int\u00e9rieur et une poign\u00e9e color\u00e9s. Les impressions sont superbes et \u00e9clatantes. L&#8217;impression conserve sa qualit\u00e9 [&hellip;]<\/p>\n","protected":false},"featured_media":35926,"template":"","meta":{"_acf_changed":false,"iawp_total_views":183},"product_brand":[],"product_cat":[20],"product_tag":[],"class_list":{"0":"post-35917","1":"product","2":"type-product","3":"status-publish","4":"has-post-thumbnail","6":"product_cat-uncategorized","8":"first","9":"instock","10":"taxable","11":"shipping-taxable","12":"purchasable","13":"product-type-simple"},"acf":[],"_links":{"self":[{"href":"https:\/\/melaniemaquinay.com\/en\/wp-json\/wp\/v2\/product\/35917","targetHints":{"allow":["GET"]}}],"collection":[{"href":"https:\/\/melaniemaquinay.com\/en\/wp-json\/wp\/v2\/product"}],"about":[{"href":"https:\/\/melaniemaquinay.com\/en\/wp-json\/wp\/v2\/types\/product"}],"wp:featuredmedia":[{"embeddable":true,"href":"https:\/\/melaniemaquinay.com\/en\/wp-json\/wp\/v2\/media\/35926"}],"wp:attachment":[{"href":"https:\/\/melaniemaquinay.com\/en\/wp-json\/wp\/v2\/media?parent=35917"}],"wp:term":[{"taxonomy":"product_brand","embeddable":true,"href":"https:\/\/melaniemaquinay.com\/en\/wp-json\/wp\/v2\/product_brand?post=35917"},{"taxonomy":"product_cat","embeddable":true,"href":"https:\/\/melaniemaquinay.com\/en\/wp-json\/wp\/v2\/product_cat?post=35917"},{"taxonomy":"product_tag","embeddable":true,"href":"https:\/\/melaniemaquinay.com\/en\/wp-json\/wp\/v2\/product_tag?post=35917"}],"curies":[{"name":"wp","href":"https:\/\/api.w.org\/{rel}","templated":true}]}}