{"id":35901,"date":"2024-11-27T10:46:33","date_gmt":"2024-11-27T09:46:33","guid":{"rendered":"https:\/\/melaniemaquinay.com\/?post_type=product&#038;p=35901"},"modified":"2025-01-20T17:00:39","modified_gmt":"2025-01-20T16:00:39","slug":"mini-monstera-linogravure","status":"publish","type":"product","link":"https:\/\/melaniemaquinay.com\/en\/product\/mini-monstera-linogravure\/","title":{"rendered":"Mini Monstera LINOGRAVURE"},"content":{"rendered":"<p>Linogravure \u00e0 motif &#8220;Monstera&#8221;<\/p>\n<p>13X18CM<\/p>\n<p>Pi\u00e8ces unique, ces petits formats de gravures sont propos\u00e9s en plusieurs couleurs ( print noir, print vert fonc\u00e9 )<\/p>\n<p>et avec fond color\u00e9 ou non ( fond blanc, bronze, beige, vert flash ou vert textur\u00e9 )<\/p>\n<p>Encadrement noir ( avec ou sans passe-partout )<\/p>\n<p>Envoi Bpost \u00e0 domicile (5.50\u20ac)<\/p>\n<p>Envoi Mondial Relai (point relai proche de vous) 4\u20ac<\/p>\n<p>&nbsp;<\/p>\n<p>&nbsp;<\/p>\n","protected":false},"excerpt":{"rendered":"<p>Cadre avec linogravure . Motif v\u00e9g\u00e9tal, pi\u00e8ce unique<\/p>\n","protected":false},"featured_media":35906,"template":"","meta":{"_acf_changed":false,"iawp_total_views":13},"product_brand":[],"product_cat":[747],"product_tag":[],"class_list":{"0":"post-35901","1":"product","2":"type-product","3":"status-publish","4":"has-post-thumbnail","6":"product_cat-objet-dart","8":"first","9":"instock","10":"taxable","11":"shipping-taxable","12":"purchasable","13":"product-type-simple"},"acf":[],"_links":{"self":[{"href":"https:\/\/melaniemaquinay.com\/en\/wp-json\/wp\/v2\/product\/35901","targetHints":{"allow":["GET"]}}],"collection":[{"href":"https:\/\/melaniemaquinay.com\/en\/wp-json\/wp\/v2\/product"}],"about":[{"href":"https:\/\/melaniemaquinay.com\/en\/wp-json\/wp\/v2\/types\/product"}],"wp:featuredmedia":[{"embeddable":true,"href":"https:\/\/melaniemaquinay.com\/en\/wp-json\/wp\/v2\/media\/35906"}],"wp:attachment":[{"href":"https:\/\/melaniemaquinay.com\/en\/wp-json\/wp\/v2\/media?parent=35901"}],"wp:term":[{"taxonomy":"product_brand","embeddable":true,"href":"https:\/\/melaniemaquinay.com\/en\/wp-json\/wp\/v2\/product_brand?post=35901"},{"taxonomy":"product_cat","embeddable":true,"href":"https:\/\/melaniemaquinay.com\/en\/wp-json\/wp\/v2\/product_cat?post=35901"},{"taxonomy":"product_tag","embeddable":true,"href":"https:\/\/melaniemaquinay.com\/en\/wp-json\/wp\/v2\/product_tag?post=35901"}],"curies":[{"name":"wp","href":"https:\/\/api.w.org\/{rel}","templated":true}]}}