{"id":35892,"date":"2024-11-27T10:35:59","date_gmt":"2024-11-27T09:35:59","guid":{"rendered":"https:\/\/melaniemaquinay.com\/?post_type=product&#038;p=35892"},"modified":"2024-11-27T11:05:11","modified_gmt":"2024-11-27T10:05:11","slug":"tote-bag-tropical-rains-coton-bio-sols","status":"publish","type":"product","link":"https:\/\/melaniemaquinay.com\/en\/product\/tote-bag-tropical-rains-coton-bio-sols\/","title":{"rendered":"Tote Bag TROPICAL RAINS (coton bio | SOL&#8217;S)"},"content":{"rendered":"<p>Design de la peintre Belge Melanie Maquinay ARTIVISTE ( Motif issu d&#8217;un tableau original &#8220;Pluies Tropicales&#8221;) Sac fourre-tout \u00e9co, parfait pour l&#8217;utilisation quotidienne des consommateurs soucieux de l&#8217;environnement.<\/p>\n<ul>\n<li>Fabriqu\u00e9 avec du 100% coton bio.<\/li>\n<li>Durable pour le transport des objets de la vie quotidienne.<\/li>\n<li>L\u00e9ger et facile \u00e0 plier.<\/li>\n<li>Anses renforc\u00e9es pour plus de solidit\u00e9.<\/li>\n<\/ul>\n<p><strong>Guide des tailles<\/strong><\/p>\n<table>\n<tbody>\n<tr>\n<td><\/td>\n<td><strong>Tailles<\/strong><\/td>\n<\/tr>\n<tr>\n<td><strong>Anse (cm)<\/strong><\/td>\n<td>67<\/td>\n<\/tr>\n<tr>\n<td><strong>Longueur (cm)<\/strong><\/td>\n<td>42<\/td>\n<\/tr>\n<tr>\n<td><strong>Largeur (cm)<\/strong><\/td>\n<td>37<\/td>\n<\/tr>\n<\/tbody>\n<\/table>\n<table>\n<tbody>\n<tr>\n<td><\/td>\n<td><strong>Tailles<\/strong><\/td>\n<\/tr>\n<tr>\n<td><strong>Anse (pouces)<\/strong><\/td>\n<td>26.4<\/td>\n<\/tr>\n<tr>\n<td><strong>Longueur (pouces)<\/strong><\/td>\n<td>16.5<\/td>\n<\/tr>\n<tr>\n<td><strong>Largeur (pouces)<\/strong><\/td>\n<td>14.6<\/td>\n<\/tr>\n<\/tbody>\n<\/table>\n<p><strong>Instructions d&#8217;entretien<\/strong><\/p>\n<table>\n<tbody>\n<tr>\n<td>G\u00e9n\u00e9ral<\/td>\n<td>Le sac fourre-tout SOL&#8217;S Organic Zen 76900 allie praticit\u00e9 et durabilit\u00e9, ce qui en fait un choix parfait pour les acheteurs soucieux de l&#8217;environnement.<\/td>\n<\/tr>\n<tr>\n<td>Lavage<\/td>\n<td>Laver en machine \u00e0 froid avec des couleurs similaires.<\/td>\n<\/tr>\n<tr>\n<td>S\u00e9chage<\/td>\n<td>S\u00e9cher en machine \u00e0 basse temp\u00e9rature ou suspendre \u00e0 l&#8217;air libre.<\/td>\n<\/tr>\n<tr>\n<td>Rangement<\/td>\n<td>Ranger dans un endroit frais et sec pour maintenir la qualit\u00e9 du coton bio et prolonger la dur\u00e9e de vie.<\/td>\n<\/tr>\n<\/tbody>\n<\/table>\n","protected":false},"excerpt":{"rendered":"<p>Design de la peintre Belge Melanie Maquinay ARTIVISTE ( Motif issu d&#8217;un tableau original &#8220;Pluies Tropicales&#8221;) Sac fourre-tout \u00e9co, parfait pour l&#8217;utilisation quotidienne des consommateurs soucieux de l&#8217;environnement. Fabriqu\u00e9 avec du 100% coton bio. Durable pour le transport des objets de la vie quotidienne. L\u00e9ger et facile \u00e0 plier. Anses renforc\u00e9es pour plus de solidit\u00e9. [&hellip;]<\/p>\n","protected":false},"featured_media":35890,"template":"","meta":{"_acf_changed":false,"iawp_total_views":42},"product_brand":[],"product_cat":[751],"product_tag":[754,756,755,752,753,757],"class_list":{"0":"post-35892","1":"product","2":"type-product","3":"status-publish","4":"has-post-thumbnail","6":"product_cat-accessoires","7":"product_tag-accessoire","8":"product_tag-art","9":"product_tag-print","10":"product_tag-tote","11":"product_tag-totebag","12":"product_tag-unique","14":"first","15":"instock","16":"taxable","17":"shipping-taxable","18":"purchasable","19":"product-type-variable"},"acf":[],"_links":{"self":[{"href":"https:\/\/melaniemaquinay.com\/en\/wp-json\/wp\/v2\/product\/35892","targetHints":{"allow":["GET"]}}],"collection":[{"href":"https:\/\/melaniemaquinay.com\/en\/wp-json\/wp\/v2\/product"}],"about":[{"href":"https:\/\/melaniemaquinay.com\/en\/wp-json\/wp\/v2\/types\/product"}],"wp:featuredmedia":[{"embeddable":true,"href":"https:\/\/melaniemaquinay.com\/en\/wp-json\/wp\/v2\/media\/35890"}],"wp:attachment":[{"href":"https:\/\/melaniemaquinay.com\/en\/wp-json\/wp\/v2\/media?parent=35892"}],"wp:term":[{"taxonomy":"product_brand","embeddable":true,"href":"https:\/\/melaniemaquinay.com\/en\/wp-json\/wp\/v2\/product_brand?post=35892"},{"taxonomy":"product_cat","embeddable":true,"href":"https:\/\/melaniemaquinay.com\/en\/wp-json\/wp\/v2\/product_cat?post=35892"},{"taxonomy":"product_tag","embeddable":true,"href":"https:\/\/melaniemaquinay.com\/en\/wp-json\/wp\/v2\/product_tag?post=35892"}],"curies":[{"name":"wp","href":"https:\/\/api.w.org\/{rel}","templated":true}]}}