{"id":35881,"date":"2024-11-26T23:10:03","date_gmt":"2024-11-26T22:10:03","guid":{"rendered":"https:\/\/melaniemaquinay.com\/product\/mug-nenuphars\/"},"modified":"2024-11-27T11:06:40","modified_gmt":"2024-11-27T10:06:40","slug":"mug-nenuphars","status":"publish","type":"product","link":"https:\/\/melaniemaquinay.com\/en\/product\/mug-nenuphars\/","title":{"rendered":"Mug NENUPHARS"},"content":{"rendered":"<p>NENUPHARS : mug en c\u00e9ramique, parfaite pour toutes les pauses plaisir de la journ\u00e9e: ton caf\u00e9, un chocolat chaud, th\u00e9, matcha&#8230;Le motif est inspir\u00e9 par une peinture originale de Melanie Maquinay &#8220;ARTIVISTE&#8221;.\u00a0Le mug est d&#8217;un blanc brillant avec un bord, un int\u00e9rieur noir et une poign\u00e9e noire. Les impressions ressortent avec des couleurs vives. L&#8217;impression conserve sa qualit\u00e9 et son \u00e9clat m\u00eame apr\u00e8s l&#8217;utilisation au micro-ondes et au lave-vaisselle.<\/p>\n<p>&#8211; Mug en c\u00e9ramique 325 ml (11 oz)<\/p>\n<p>&#8211; Peut \u00eatre mis au micro-ondes<\/p>\n<p>&#8211; Bord, int\u00e9rieur et poign\u00e9e color\u00e9s<\/p>\n<p>&#8211; Zone d&#8217;impression blanche<\/p>\n","protected":false},"excerpt":{"rendered":"<p>NENUPHARS : mug en c\u00e9ramique, parfaite pour toutes les pauses plaisir de la journ\u00e9e: ton caf\u00e9, un chocolat chaud, th\u00e9, matcha&#8230;Le motif est inspir\u00e9 par une peinture originale de Melanie Maquinay &#8220;ARTIVISTE&#8221;.\u00a0Le mug est d&#8217;un blanc brillant avec un bord, un int\u00e9rieur noir et une poign\u00e9e noire. Les impressions ressortent avec des couleurs vives. L&#8217;impression [&hellip;]<\/p>\n","protected":false},"featured_media":35879,"template":"","meta":{"_acf_changed":false,"iawp_total_views":16},"product_brand":[],"product_cat":[751],"product_tag":[754,756,760,763,759,758,761,762],"class_list":{"0":"post-35881","1":"product","2":"type-product","3":"status-publish","4":"has-post-thumbnail","6":"product_cat-accessoires","7":"product_tag-accessoire","8":"product_tag-art","9":"product_tag-cadeau","10":"product_tag-cafe","11":"product_tag-mug","12":"product_tag-tasse","13":"product_tag-vaisselle","14":"product_tag-vegetal","16":"first","17":"instock","18":"taxable","19":"shipping-taxable","20":"purchasable","21":"product-type-variable"},"acf":[],"_links":{"self":[{"href":"https:\/\/melaniemaquinay.com\/en\/wp-json\/wp\/v2\/product\/35881","targetHints":{"allow":["GET"]}}],"collection":[{"href":"https:\/\/melaniemaquinay.com\/en\/wp-json\/wp\/v2\/product"}],"about":[{"href":"https:\/\/melaniemaquinay.com\/en\/wp-json\/wp\/v2\/types\/product"}],"wp:featuredmedia":[{"embeddable":true,"href":"https:\/\/melaniemaquinay.com\/en\/wp-json\/wp\/v2\/media\/35879"}],"wp:attachment":[{"href":"https:\/\/melaniemaquinay.com\/en\/wp-json\/wp\/v2\/media?parent=35881"}],"wp:term":[{"taxonomy":"product_brand","embeddable":true,"href":"https:\/\/melaniemaquinay.com\/en\/wp-json\/wp\/v2\/product_brand?post=35881"},{"taxonomy":"product_cat","embeddable":true,"href":"https:\/\/melaniemaquinay.com\/en\/wp-json\/wp\/v2\/product_cat?post=35881"},{"taxonomy":"product_tag","embeddable":true,"href":"https:\/\/melaniemaquinay.com\/en\/wp-json\/wp\/v2\/product_tag?post=35881"}],"curies":[{"name":"wp","href":"https:\/\/api.w.org\/{rel}","templated":true}]}}