{"id":35806,"date":"2024-11-24T18:24:29","date_gmt":"2024-11-24T17:24:29","guid":{"rendered":"https:\/\/melaniemaquinay.com\/product\/t-shirt-femme-diva\/"},"modified":"2024-11-27T13:25:26","modified_gmt":"2024-11-27T12:25:26","slug":"t-shirt-femme-diva","status":"publish","type":"product","link":"https:\/\/melaniemaquinay.com\/en\/product\/t-shirt-femme-diva\/","title":{"rendered":"T-shirt femme &#8220;DIVA&#8221;"},"content":{"rendered":"<p>Design glamour et intemporel , notre T-shirt &#8220;DIVA &#8221; se d\u00e9cline avec tous les looks : Jeans ou ensemble Noir et Blanc, avec un clin d&#8217;oeil f\u00e9minin et discret.<\/p>\n<p>&nbsp;<\/p>\n<p>Sur base d&#8217;un dessin original ( de l&#8217;artiste Belge Melanie Maquinay ARTiviste)<\/p>\n<p>&nbsp;<\/p>\n<p>Le t-shirt pour femme Gildan\u00ae 64000L, con\u00e7u pour plus de confort et de simplicit\u00e9, pr\u00e9sente les caract\u00e9ristiques suivantes :<\/p>\n<ul>\n<li>100% coton fil\u00e9 \u00e0 l&#8217;anneau pour une sensation de douceur.<\/li>\n<li>Semi-ajust\u00e9 avec des coutures lat\u00e9rales pour am\u00e9liorer la forme du corps.<\/li>\n<li>Col et \u00e9paules coll\u00e9s pour plus de durabilit\u00e9.<\/li>\n<li>Tissu adapt\u00e9 \u00e0 diverses techniques de d\u00e9coration.<\/li>\n<li>Processus de production respectueux de l&#8217;environnement.<\/li>\n<\/ul>\n<p><strong>Guide des tailles<\/strong><\/p>\n<table>\n<tbody>\n<tr>\n<td><\/td>\n<td><strong>S<\/strong><\/td>\n<td><strong>M<\/strong><\/td>\n<td><strong>L<\/strong><\/td>\n<td><strong>XL<\/strong><\/td>\n<td><strong>2XL<\/strong><\/td>\n<td><strong>3XL<\/strong><\/td>\n<\/tr>\n<tr>\n<td><strong>A) Longueur (cm)<\/strong><\/td>\n<td>63.5<\/td>\n<td>66<\/td>\n<td>68.6<\/td>\n<td>70.5<\/td>\n<td>71.1<\/td>\n<td>72<\/td>\n<\/tr>\n<tr>\n<td><strong>B) Largeur (cm)<\/strong><\/td>\n<td>82<\/td>\n<td>86<\/td>\n<td>94<\/td>\n<td>100<\/td>\n<td>112<\/td>\n<td>124<\/td>\n<\/tr>\n<tr>\n<td><strong>B) Demi-poitrine (cm)<\/strong><\/td>\n<td>41<\/td>\n<td>43<\/td>\n<td>47<\/td>\n<td>50<\/td>\n<td>56<\/td>\n<td>62<\/td>\n<\/tr>\n<\/tbody>\n<\/table>\n<table>\n<tbody>\n<tr>\n<td><\/td>\n<td><strong>S<\/strong><\/td>\n<td><strong>M<\/strong><\/td>\n<td><strong>L<\/strong><\/td>\n<td><strong>XL<\/strong><\/td>\n<td><strong>2XL<\/strong><\/td>\n<td><strong>3XL<\/strong><\/td>\n<\/tr>\n<tr>\n<td><strong>A) Longueur (pouces)<\/strong><\/td>\n<td>25<\/td>\n<td>26<\/td>\n<td>27<\/td>\n<td>27.8<\/td>\n<td>28<\/td>\n<td>28.3<\/td>\n<\/tr>\n<tr>\n<td><strong>B) Largeur (pouces)<\/strong><\/td>\n<td>32.3<\/td>\n<td>33.9<\/td>\n<td>37<\/td>\n<td>39.4<\/td>\n<td>44.1<\/td>\n<td>48.8<\/td>\n<\/tr>\n<tr>\n<td><strong>B) Demi-poitrine (pouces)<\/strong><\/td>\n<td>16.1<\/td>\n<td>16.9<\/td>\n<td>18.5<\/td>\n<td>19.7<\/td>\n<td>22<\/td>\n<td>24.4<\/td>\n<\/tr>\n<\/tbody>\n<\/table>\n<p><strong>Instructions d&#8217;entretien<\/strong><\/p>\n<table>\n<tbody>\n<tr>\n<td>G\u00e9n\u00e9ral<\/td>\n<td>Ce t-shirt alliant confort, style et fonctionnalit\u00e9 pratique est un choix parfait pour une utilisation quotidienne ou une utilisation promotionnelle.<\/td>\n<\/tr>\n<tr>\n<td>Lavage<\/td>\n<td>Laver le t-shirt en machine \u00e0 chaud avec des couleurs similaires en utilisant un agent de blanchiment sans chlore le cas \u00e9ch\u00e9ant.<\/td>\n<\/tr>\n<tr>\n<td>S\u00e9chage<\/td>\n<td>S\u00e9cher en machine \u00e0 basse temp\u00e9rature ou suspendre \u00e0 l&#8217;air libre pour prolonger la dur\u00e9e de vie.<\/td>\n<\/tr>\n<tr>\n<td>Rangement<\/td>\n<td>Ranger le t-shirt pli\u00e9 dans un endroit frais et sec pour maintenir la forme et la couleur.<\/td>\n<\/tr>\n<\/tbody>\n<\/table>\n<p><strong>Guide des tailles<\/strong><\/p>\n<table>\n<tbody>\n<tr>\n<td><\/td>\n<td><strong>S<\/strong><\/td>\n<td><strong>M<\/strong><\/td>\n<td><strong>L<\/strong><\/td>\n<td><strong>XL<\/strong><\/td>\n<td><strong>2XL<\/strong><\/td>\n<td><strong>3XL<\/strong><\/td>\n<\/tr>\n<tr>\n<td><strong>A) Longueur (cm)<\/strong><\/td>\n<td>63.5<\/td>\n<td>66<\/td>\n<td>68.6<\/td>\n<td>70.5<\/td>\n<td>71.1<\/td>\n<td>72<\/td>\n<\/tr>\n<tr>\n<td><strong>B) Largeur (cm)<\/strong><\/td>\n<td>82<\/td>\n<td>86<\/td>\n<td>94<\/td>\n<td>100<\/td>\n<td>112<\/td>\n<td>124<\/td>\n<\/tr>\n<tr>\n<td><strong>B) Demi-poitrine (cm)<\/strong><\/td>\n<td>41<\/td>\n<td>43<\/td>\n<td>47<\/td>\n<td>50<\/td>\n<td>56<\/td>\n<td>62<\/td>\n<\/tr>\n<\/tbody>\n<\/table>\n<table>\n<tbody>\n<tr>\n<td><\/td>\n<td><strong>S<\/strong><\/td>\n<td><strong>M<\/strong><\/td>\n<td><strong>L<\/strong><\/td>\n<td><strong>XL<\/strong><\/td>\n<td><strong>2XL<\/strong><\/td>\n<td><strong>3XL<\/strong><\/td>\n<\/tr>\n<tr>\n<td><strong>A) Longueur (pouces)<\/strong><\/td>\n<td>25<\/td>\n<td>26<\/td>\n<td>27<\/td>\n<td>27.8<\/td>\n<td>28<\/td>\n<td>28.3<\/td>\n<\/tr>\n<tr>\n<td><strong>B) Largeur (pouces)<\/strong><\/td>\n<td>32.3<\/td>\n<td>33.9<\/td>\n<td>37<\/td>\n<td>39.4<\/td>\n<td>44.1<\/td>\n<td>48.8<\/td>\n<\/tr>\n<tr>\n<td><strong>B) Demi-poitrine (pouces)<\/strong><\/td>\n<td>16.1<\/td>\n<td>16.9<\/td>\n<td>18.5<\/td>\n<td>19.7<\/td>\n<td>22<\/td>\n<td>24.4<\/td>\n<\/tr>\n<\/tbody>\n<\/table>\n","protected":false},"excerpt":{"rendered":"<p>Design glamour et intemporel , notre T-shirt &#8220;DIVA &#8221; se d\u00e9cline avec tous les looks : Jeans ou ensemble Noir et Blanc, avec un clin d&#8217;oeil f\u00e9minin et discret. &nbsp; Sur base d&#8217;un dessin original ( de l&#8217;artiste Belge Melanie Maquinay ARTiviste) &nbsp; Le t-shirt pour femme Gildan\u00ae 64000L, con\u00e7u pour plus de confort et [&hellip;]<\/p>\n","protected":false},"featured_media":35804,"template":"","meta":{"_acf_changed":false,"iawp_total_views":14},"product_brand":[],"product_cat":[743,742],"product_tag":[],"class_list":{"0":"post-35806","1":"product","2":"type-product","3":"status-publish","4":"has-post-thumbnail","6":"product_cat-t-shirt","7":"product_cat-vetement","9":"first","10":"instock","11":"taxable","12":"shipping-taxable","13":"purchasable","14":"product-type-variable"},"acf":[],"_links":{"self":[{"href":"https:\/\/melaniemaquinay.com\/en\/wp-json\/wp\/v2\/product\/35806","targetHints":{"allow":["GET"]}}],"collection":[{"href":"https:\/\/melaniemaquinay.com\/en\/wp-json\/wp\/v2\/product"}],"about":[{"href":"https:\/\/melaniemaquinay.com\/en\/wp-json\/wp\/v2\/types\/product"}],"wp:featuredmedia":[{"embeddable":true,"href":"https:\/\/melaniemaquinay.com\/en\/wp-json\/wp\/v2\/media\/35804"}],"wp:attachment":[{"href":"https:\/\/melaniemaquinay.com\/en\/wp-json\/wp\/v2\/media?parent=35806"}],"wp:term":[{"taxonomy":"product_brand","embeddable":true,"href":"https:\/\/melaniemaquinay.com\/en\/wp-json\/wp\/v2\/product_brand?post=35806"},{"taxonomy":"product_cat","embeddable":true,"href":"https:\/\/melaniemaquinay.com\/en\/wp-json\/wp\/v2\/product_cat?post=35806"},{"taxonomy":"product_tag","embeddable":true,"href":"https:\/\/melaniemaquinay.com\/en\/wp-json\/wp\/v2\/product_tag?post=35806"}],"curies":[{"name":"wp","href":"https:\/\/api.w.org\/{rel}","templated":true}]}}