{"id":35768,"date":"2024-11-24T15:20:12","date_gmt":"2024-11-24T14:20:12","guid":{"rendered":"https:\/\/melaniemaquinay.com\/product\/mug-alex-black\/"},"modified":"2024-11-27T20:45:02","modified_gmt":"2024-11-27T19:45:02","slug":"mug-alex-black","status":"publish","type":"product","link":"https:\/\/melaniemaquinay.com\/en\/product\/mug-alex-black\/","title":{"rendered":"Mug ALEX BLACK"},"content":{"rendered":"<p>ALEX mug en c\u00e9ramique est parfait pour tous les \u00e9v\u00e9nements de la journ\u00e9e : ton caf\u00e9, th\u00e9, matcha ou\u00a0chocolat chaud,&#8230;Le motif est inspir\u00e9 par une peinture originale de Melanie Maquinay &#8220;ARTIVISTE&#8221;.\u00a0Le mug est d&#8217;un blanc brillant avec un bord, un int\u00e9rieur et une poign\u00e9e noires. Les impressions ressortent avec des couleurs vives. L&#8217;impression conserve sa qualit\u00e9 et son \u00e9clat m\u00eame apr\u00e8s l&#8217;utilisation au micro-ondes et au lave-vaisselle.<\/p>\n<p>&#8211; Mug en c\u00e9ramique 325 ml (11 oz)<\/p>\n<p>&#8211; Peut \u00eatre mis au micro-ondes<\/p>\n<p>&#8211; Bord, int\u00e9rieur et poign\u00e9e color\u00e9s<\/p>\n<p>&#8211; Zone d&#8217;impression blanche<\/p>\n","protected":false},"excerpt":{"rendered":"<p>ALEX mug en c\u00e9ramique est parfait pour tous les \u00e9v\u00e9nements de la journ\u00e9e : ton caf\u00e9, th\u00e9, matcha ou\u00a0chocolat chaud,&#8230;Le motif est inspir\u00e9 par une peinture originale de Melanie Maquinay &#8220;ARTIVISTE&#8221;.\u00a0Le mug est d&#8217;un blanc brillant avec un bord, un int\u00e9rieur et une poign\u00e9e noires. Les impressions ressortent avec des couleurs vives. L&#8217;impression conserve sa [&hellip;]<\/p>\n","protected":false},"featured_media":35833,"template":"","meta":{"_acf_changed":false,"iawp_total_views":187},"product_brand":[],"product_cat":[751,747],"product_tag":[763,770,759,769,758,761],"class_list":{"0":"post-35768","1":"product","2":"type-product","3":"status-publish","4":"has-post-thumbnail","6":"product_cat-accessoires","7":"product_cat-objet-dart","8":"product_tag-cafe","9":"product_tag-deco","10":"product_tag-mug","11":"product_tag-objet","12":"product_tag-tasse","13":"product_tag-vaisselle","15":"first","16":"instock","17":"taxable","18":"shipping-taxable","19":"purchasable","20":"product-type-variable"},"acf":[],"_links":{"self":[{"href":"https:\/\/melaniemaquinay.com\/en\/wp-json\/wp\/v2\/product\/35768","targetHints":{"allow":["GET"]}}],"collection":[{"href":"https:\/\/melaniemaquinay.com\/en\/wp-json\/wp\/v2\/product"}],"about":[{"href":"https:\/\/melaniemaquinay.com\/en\/wp-json\/wp\/v2\/types\/product"}],"wp:featuredmedia":[{"embeddable":true,"href":"https:\/\/melaniemaquinay.com\/en\/wp-json\/wp\/v2\/media\/35833"}],"wp:attachment":[{"href":"https:\/\/melaniemaquinay.com\/en\/wp-json\/wp\/v2\/media?parent=35768"}],"wp:term":[{"taxonomy":"product_brand","embeddable":true,"href":"https:\/\/melaniemaquinay.com\/en\/wp-json\/wp\/v2\/product_brand?post=35768"},{"taxonomy":"product_cat","embeddable":true,"href":"https:\/\/melaniemaquinay.com\/en\/wp-json\/wp\/v2\/product_cat?post=35768"},{"taxonomy":"product_tag","embeddable":true,"href":"https:\/\/melaniemaquinay.com\/en\/wp-json\/wp\/v2\/product_tag?post=35768"}],"curies":[{"name":"wp","href":"https:\/\/api.w.org\/{rel}","templated":true}]}}