{"id":35726,"date":"2024-11-12T23:10:14","date_gmt":"2024-11-12T22:10:14","guid":{"rendered":"https:\/\/melaniemaquinay.com\/product\/cartoon-black\/"},"modified":"2024-11-27T21:25:50","modified_gmt":"2024-11-27T20:25:50","slug":"cartoon-black","status":"publish","type":"product","link":"https:\/\/melaniemaquinay.com\/en\/product\/cartoon-black\/","title":{"rendered":"CARTOON black"},"content":{"rendered":"<p>CARTOON BLACK,\u00a0 magnifique mug en c\u00e9ramique est parfait pour tous les \u00e9v\u00e9nements de la journ\u00e9e : un caf\u00e9 du matin, un chocolat chaud,&#8230;Le motif est inspir\u00e9 par une peinture originale de Melanie Maquinay &#8220;ARTIVISTE&#8221;.\u00a0Le mug est d&#8217;un blanc brillant avec un bord, un int\u00e9rieur et une poign\u00e9e color\u00e9s. Les impressions ressortent avec des couleurs vives. L&#8217;impression conserve sa qualit\u00e9 et son \u00e9clat m\u00eame apr\u00e8s l&#8217;utilisation au micro-ondes et au lave-vaisselle.<\/p>\n<p>&#8211; Mug en c\u00e9ramique 325 ml (11 oz)<\/p>\n<p>&#8211; Peut \u00eatre mis au micro-ondes<\/p>\n<p>&#8211; Bord, int\u00e9rieur et poign\u00e9e color\u00e9s<\/p>\n<p>&#8211; Zone d&#8217;impression blanche<\/p>\n","protected":false},"excerpt":{"rendered":"<p>CARTOON BLACK,\u00a0 magnifique mug en c\u00e9ramique est parfait pour tous les \u00e9v\u00e9nements de la journ\u00e9e : un caf\u00e9 du matin, un chocolat chaud,&#8230;Le motif est inspir\u00e9 par une peinture originale de Melanie Maquinay &#8220;ARTIVISTE&#8221;.\u00a0Le mug est d&#8217;un blanc brillant avec un bord, un int\u00e9rieur et une poign\u00e9e color\u00e9s. Les impressions ressortent avec des couleurs vives. [&hellip;]<\/p>\n","protected":false},"featured_media":35724,"template":"","meta":{"_acf_changed":false,"iawp_total_views":24},"product_brand":[],"product_cat":[751,747],"product_tag":[756,763,770,759,758,761],"class_list":{"0":"post-35726","1":"product","2":"type-product","3":"status-publish","4":"has-post-thumbnail","6":"product_cat-accessoires","7":"product_cat-objet-dart","8":"product_tag-art","9":"product_tag-cafe","10":"product_tag-deco","11":"product_tag-mug","12":"product_tag-tasse","13":"product_tag-vaisselle","15":"first","16":"instock","17":"taxable","18":"shipping-taxable","19":"purchasable","20":"product-type-simple"},"acf":[],"_links":{"self":[{"href":"https:\/\/melaniemaquinay.com\/en\/wp-json\/wp\/v2\/product\/35726","targetHints":{"allow":["GET"]}}],"collection":[{"href":"https:\/\/melaniemaquinay.com\/en\/wp-json\/wp\/v2\/product"}],"about":[{"href":"https:\/\/melaniemaquinay.com\/en\/wp-json\/wp\/v2\/types\/product"}],"wp:featuredmedia":[{"embeddable":true,"href":"https:\/\/melaniemaquinay.com\/en\/wp-json\/wp\/v2\/media\/35724"}],"wp:attachment":[{"href":"https:\/\/melaniemaquinay.com\/en\/wp-json\/wp\/v2\/media?parent=35726"}],"wp:term":[{"taxonomy":"product_brand","embeddable":true,"href":"https:\/\/melaniemaquinay.com\/en\/wp-json\/wp\/v2\/product_brand?post=35726"},{"taxonomy":"product_cat","embeddable":true,"href":"https:\/\/melaniemaquinay.com\/en\/wp-json\/wp\/v2\/product_cat?post=35726"},{"taxonomy":"product_tag","embeddable":true,"href":"https:\/\/melaniemaquinay.com\/en\/wp-json\/wp\/v2\/product_tag?post=35726"}],"curies":[{"name":"wp","href":"https:\/\/api.w.org\/{rel}","templated":true}]}}