{"id":35700,"date":"2024-11-10T14:51:58","date_gmt":"2024-11-10T13:51:58","guid":{"rendered":"https:\/\/melaniemaquinay.com\/?post_type=product&#038;p=35700"},"modified":"2024-11-27T21:37:01","modified_gmt":"2024-11-27T20:37:01","slug":"t-shirt-femme-glamour","status":"publish","type":"product","link":"https:\/\/melaniemaquinay.com\/en\/product\/t-shirt-femme-glamour\/","title":{"rendered":"T-shirt femme GLAMOUR"},"content":{"rendered":"<p>T-Shirt femme intemporel ! Noir et blanc, logo discret et se porte avec un jeans en mode relax, ou avec un pantalon et blaser noir plus glamour, au bu de son motif r\u00e9tro et f\u00e9minin.<\/p>\n<p>&nbsp;<\/p>\n<p>Donn\u00e9es techniques :<\/p>\n<ul>\n<li>100% coton fil\u00e9 \u00e0 l&#8217;anneau pour une sensation de douceur.<\/li>\n<li>Semi-ajust\u00e9 avec des coutures lat\u00e9rales pour am\u00e9liorer la forme du corps.<\/li>\n<li>Col et \u00e9paules coll\u00e9s pour plus de durabilit\u00e9.<\/li>\n<li>Tissu adapt\u00e9 \u00e0 diverses techniques de d\u00e9coration.<\/li>\n<li>Processus de production respectueux de l&#8217;environnement.<\/li>\n<\/ul>\n<p><strong>Guide des tailles<\/strong><\/p>\n<table>\n<tbody>\n<tr>\n<td><\/td>\n<td><strong>S<\/strong><\/td>\n<td><strong>M<\/strong><\/td>\n<td><strong>L<\/strong><\/td>\n<td><strong>XL<\/strong><\/td>\n<td><strong>2XL<\/strong><\/td>\n<td><strong>3XL<\/strong><\/td>\n<\/tr>\n<tr>\n<td><strong>A) Longueur (cm)<\/strong><\/td>\n<td>63.5<\/td>\n<td>66<\/td>\n<td>68.6<\/td>\n<td>70.5<\/td>\n<td>71.1<\/td>\n<td>72<\/td>\n<\/tr>\n<tr>\n<td><strong>B) Largeur (cm)<\/strong><\/td>\n<td>82<\/td>\n<td>86<\/td>\n<td>94<\/td>\n<td>100<\/td>\n<td>112<\/td>\n<td>124<\/td>\n<\/tr>\n<tr>\n<td><strong>B) Demi-poitrine (cm)<\/strong><\/td>\n<td>41<\/td>\n<td>43<\/td>\n<td>47<\/td>\n<td>50<\/td>\n<td>56<\/td>\n<td>62<\/td>\n<\/tr>\n<\/tbody>\n<\/table>\n<table>\n<tbody>\n<tr>\n<td><\/td>\n<td><strong>S<\/strong><\/td>\n<td><strong>M<\/strong><\/td>\n<td><strong>L<\/strong><\/td>\n<td><strong>XL<\/strong><\/td>\n<td><strong>2XL<\/strong><\/td>\n<td><strong>3XL<\/strong><\/td>\n<\/tr>\n<tr>\n<td><strong>A) Longueur (pouces)<\/strong><\/td>\n<td>25<\/td>\n<td>26<\/td>\n<td>27<\/td>\n<td>27.8<\/td>\n<td>28<\/td>\n<td>28.3<\/td>\n<\/tr>\n<tr>\n<td><strong>B) Largeur (pouces)<\/strong><\/td>\n<td>32.3<\/td>\n<td>33.9<\/td>\n<td>37<\/td>\n<td>39.4<\/td>\n<td>44.1<\/td>\n<td>48.8<\/td>\n<\/tr>\n<tr>\n<td><strong>B) Demi-poitrine (pouces)<\/strong><\/td>\n<td>16.1<\/td>\n<td>16.9<\/td>\n<td>18.5<\/td>\n<td>19.7<\/td>\n<td>22<\/td>\n<td>24.4<\/td>\n<\/tr>\n<\/tbody>\n<\/table>\n<p><strong>Instructions d&#8217;entretien<\/strong><\/p>\n<table>\n<tbody>\n<tr>\n<td>G\u00e9n\u00e9ral<\/td>\n<td>Ce t-shirt alliant confort, style et fonctionnalit\u00e9 pratique est un choix parfait pour une utilisation quotidienne ou une utilisation promotionnelle.<\/td>\n<\/tr>\n<tr>\n<td>Lavage<\/td>\n<td>Laver le t-shirt en machine \u00e0 chaud avec des couleurs similaires en utilisant un agent de blanchiment sans chlore le cas \u00e9ch\u00e9ant.<\/td>\n<\/tr>\n<tr>\n<td>S\u00e9chage<\/td>\n<td>S\u00e9cher en machine \u00e0 basse temp\u00e9rature ou suspendre \u00e0 l&#8217;air libre pour prolonger la dur\u00e9e de vie.<\/td>\n<\/tr>\n<tr>\n<td>Rangement<\/td>\n<td>Ranger le t-shirt pli\u00e9 dans un endroit frais et sec pour maintenir la forme et la couleur.<\/td>\n<\/tr>\n<\/tbody>\n<\/table>\n","protected":false},"excerpt":{"rendered":"<p>T-Shirt femme intemporel ! Noir et blanc, logo discret et se porte avec un jeans en mode relax, ou avec un pantalon et blaser noir plus glamour, au bu de son motif r\u00e9tro et f\u00e9minin. &nbsp; Donn\u00e9es techniques : 100% coton fil\u00e9 \u00e0 l&#8217;anneau pour une sensation de douceur. Semi-ajust\u00e9 avec des coutures lat\u00e9rales pour [&hellip;]<\/p>\n","protected":false},"featured_media":35698,"template":"","meta":{"_acf_changed":false,"iawp_total_views":19},"product_brand":[],"product_cat":[742,743],"product_tag":[766,767,776,777,765,771],"class_list":{"0":"post-35700","1":"product","2":"type-product","3":"status-publish","4":"has-post-thumbnail","6":"product_cat-vetement","7":"product_cat-t-shirt","8":"product_tag-dessin","9":"product_tag-encre","10":"product_tag-femme","11":"product_tag-glamour","12":"product_tag-illustration","13":"product_tag-tshirt","15":"first","16":"instock","17":"taxable","18":"shipping-taxable","19":"purchasable","20":"product-type-variable"},"acf":[],"_links":{"self":[{"href":"https:\/\/melaniemaquinay.com\/en\/wp-json\/wp\/v2\/product\/35700","targetHints":{"allow":["GET"]}}],"collection":[{"href":"https:\/\/melaniemaquinay.com\/en\/wp-json\/wp\/v2\/product"}],"about":[{"href":"https:\/\/melaniemaquinay.com\/en\/wp-json\/wp\/v2\/types\/product"}],"wp:featuredmedia":[{"embeddable":true,"href":"https:\/\/melaniemaquinay.com\/en\/wp-json\/wp\/v2\/media\/35698"}],"wp:attachment":[{"href":"https:\/\/melaniemaquinay.com\/en\/wp-json\/wp\/v2\/media?parent=35700"}],"wp:term":[{"taxonomy":"product_brand","embeddable":true,"href":"https:\/\/melaniemaquinay.com\/en\/wp-json\/wp\/v2\/product_brand?post=35700"},{"taxonomy":"product_cat","embeddable":true,"href":"https:\/\/melaniemaquinay.com\/en\/wp-json\/wp\/v2\/product_cat?post=35700"},{"taxonomy":"product_tag","embeddable":true,"href":"https:\/\/melaniemaquinay.com\/en\/wp-json\/wp\/v2\/product_tag?post=35700"}],"curies":[{"name":"wp","href":"https:\/\/api.w.org\/{rel}","templated":true}]}}