{"id":35693,"date":"2024-11-10T14:33:30","date_gmt":"2024-11-10T13:33:30","guid":{"rendered":"https:\/\/melaniemaquinay.com\/?post_type=product&#038;p=35693"},"modified":"2024-11-27T21:47:59","modified_gmt":"2024-11-27T20:47:59","slug":"calendrier-mural-art-vegetal-2025","status":"publish","type":"product","link":"https:\/\/melaniemaquinay.com\/en\/product\/calendrier-mural-art-vegetal-2025\/","title":{"rendered":"Calendrier mural art v\u00e9g\u00e9tal 2025"},"content":{"rendered":"<p><strong>Calendrier<\/strong><\/p>\n<p><strong>&#8220;V\u00e9g\u00e9tal&#8221; sur base de mes peintures originales aux accents botaniques.<\/strong><\/p>\n<ul>\n<li><strong>Impression de haute qualit\u00e9 :<\/strong> imprim\u00e9 en couleurs vives sur du papier enduit de soie 250 g\/m\u00b2 \/ 100 lb (couverture 250 g\/m\u00b2 \/ 100 lb) avec un emballage professionnel pour une livraison impeccable.<\/li>\n<li><strong>\u00c9co :<\/strong> fabriqu\u00e9 \u00e0 partir de papiers certifi\u00e9s FSC\/FESC avec une production locale pour minimiser l&#8217;impact environnemental.<\/li>\n<\/ul>\n<p>Impression \u00e0 la demande. Pas de minimum de commandes.<\/p>\n","protected":false},"excerpt":{"rendered":"<p>Calendrier &#8220;V\u00e9g\u00e9tal&#8221; sur base de mes peintures originales aux accents botaniques. Impression de haute qualit\u00e9 : imprim\u00e9 en couleurs vives sur du papier enduit de soie 250 g\/m\u00b2 \/ 100 lb (couverture 250 g\/m\u00b2 \/ 100 lb) avec un emballage professionnel pour une livraison impeccable. \u00c9co : fabriqu\u00e9 \u00e0 partir de papiers certifi\u00e9s FSC\/FESC avec [&hellip;]<\/p>\n","protected":false},"featured_media":35691,"template":"","meta":{"_acf_changed":false,"iawp_total_views":7},"product_brand":[],"product_cat":[751,748],"product_tag":[764,779,778,755,780],"class_list":{"0":"post-35693","1":"product","2":"type-product","3":"status-publish","4":"has-post-thumbnail","6":"product_cat-accessoires","7":"product_cat-photo-prints","8":"product_tag-calendrier","9":"product_tag-peinture","10":"product_tag-photos","11":"product_tag-print","12":"product_tag-reproduction","14":"first","15":"instock","16":"taxable","17":"shipping-taxable","18":"purchasable","19":"product-type-simple"},"acf":[],"_links":{"self":[{"href":"https:\/\/melaniemaquinay.com\/en\/wp-json\/wp\/v2\/product\/35693","targetHints":{"allow":["GET"]}}],"collection":[{"href":"https:\/\/melaniemaquinay.com\/en\/wp-json\/wp\/v2\/product"}],"about":[{"href":"https:\/\/melaniemaquinay.com\/en\/wp-json\/wp\/v2\/types\/product"}],"wp:featuredmedia":[{"embeddable":true,"href":"https:\/\/melaniemaquinay.com\/en\/wp-json\/wp\/v2\/media\/35691"}],"wp:attachment":[{"href":"https:\/\/melaniemaquinay.com\/en\/wp-json\/wp\/v2\/media?parent=35693"}],"wp:term":[{"taxonomy":"product_brand","embeddable":true,"href":"https:\/\/melaniemaquinay.com\/en\/wp-json\/wp\/v2\/product_brand?post=35693"},{"taxonomy":"product_cat","embeddable":true,"href":"https:\/\/melaniemaquinay.com\/en\/wp-json\/wp\/v2\/product_cat?post=35693"},{"taxonomy":"product_tag","embeddable":true,"href":"https:\/\/melaniemaquinay.com\/en\/wp-json\/wp\/v2\/product_tag?post=35693"}],"curies":[{"name":"wp","href":"https:\/\/api.w.org\/{rel}","templated":true}]}}