{"id":35588,"date":"2024-10-01T23:16:13","date_gmt":"2024-10-01T21:16:13","guid":{"rendered":"https:\/\/melaniemaquinay.com\/product\/toile\/"},"modified":"2024-11-27T22:50:49","modified_gmt":"2024-11-27T21:50:49","slug":"toile","status":"publish","type":"product","link":"https:\/\/melaniemaquinay.com\/en\/product\/toile\/","title":{"rendered":"AQUA &#8211; Impression sur toile"},"content":{"rendered":"<p>Impression sur toile, sur base de &#8220;AQUA&#8221;, une peinture originale de M\u00e9lanie Maquinay ARTIVISTE.<\/p>\n<p>&nbsp;<\/p>\n<p>La texture de la toile renforce l&#8217;aspect et le toucher naturels de l&#8217;image, cr\u00e9ant ainsi une exp\u00e9rience artistique v\u00e9ritablement immersive et un rendu proche de la toile originale.<\/p>\n<p>&nbsp;<\/p>\n<p><strong>Caract\u00e9ristiques :<\/strong><\/p>\n<ul>\n<li><strong>Mat\u00e9riau de la Toile :<\/strong> Le ch\u00e2ssis est fabriqu\u00e9 en bois provenant de sources responsables, principalement certifi\u00e9 FSC. La toile est con\u00e7ue avec un m\u00e9lange de coton et de polyester, avec un poids de 300-350 g\/m\u00b2 (110-130 lb) et une \u00e9paisseur de 350-400 microns.<\/li>\n<li><strong>\u00c9paisseur :<\/strong> deux options : ch\u00e2ssis Slim (2 cm\/0.8 po) et ch\u00e2ssis \u00e9pais (4 cm\/1.6 po).<\/li>\n<li><strong>Tailles disponibles :<\/strong> 26 tailles (en pouces pour les \u00c9tats-Unis et le Canada et en centim\u00e8tres pour le reste du monde). Les tailles peuvent varier l\u00e9g\u00e8rement selon la r\u00e9gion.<\/li>\n<li><strong>Emballage :<\/strong> exp\u00e9di\u00e9 dans un emballage protecteur pour une livraison s\u00e9curis\u00e9e.<\/li>\n<li><strong>Kit de suspension :<\/strong> mat\u00e9riel inclus avec chaque toile pour une installation facile, mais varie selon le pays.<\/li>\n<\/ul>\n","protected":false},"excerpt":{"rendered":"<p>Impression sur toile, sur base de &#8220;AQUA&#8221;, une peinture originale de M\u00e9lanie Maquinay ARTIVISTE. &nbsp; La texture de la toile renforce l&#8217;aspect et le toucher naturels de l&#8217;image, cr\u00e9ant ainsi une exp\u00e9rience artistique v\u00e9ritablement immersive et un rendu proche de la toile originale. &nbsp; Caract\u00e9ristiques : Mat\u00e9riau de la Toile : Le ch\u00e2ssis est fabriqu\u00e9 [&hellip;]<\/p>\n","protected":false},"featured_media":35586,"template":"","meta":{"_acf_changed":false,"iawp_total_views":104},"product_brand":[],"product_cat":[747,748],"product_tag":[745,782,781,783,779,755],"class_list":{"0":"post-35588","1":"product","2":"type-product","3":"status-publish","4":"has-post-thumbnail","6":"product_cat-objet-dart","7":"product_cat-photo-prints","8":"product_tag-peinture-reproduction-toile-photo-design","9":"product_tag-aquatic","10":"product_tag-artwork","11":"product_tag-arty","12":"product_tag-peinture","13":"product_tag-print","15":"first","16":"instock","17":"taxable","18":"shipping-taxable","19":"purchasable","20":"product-type-variable"},"acf":[],"_links":{"self":[{"href":"https:\/\/melaniemaquinay.com\/en\/wp-json\/wp\/v2\/product\/35588","targetHints":{"allow":["GET"]}}],"collection":[{"href":"https:\/\/melaniemaquinay.com\/en\/wp-json\/wp\/v2\/product"}],"about":[{"href":"https:\/\/melaniemaquinay.com\/en\/wp-json\/wp\/v2\/types\/product"}],"wp:featuredmedia":[{"embeddable":true,"href":"https:\/\/melaniemaquinay.com\/en\/wp-json\/wp\/v2\/media\/35586"}],"wp:attachment":[{"href":"https:\/\/melaniemaquinay.com\/en\/wp-json\/wp\/v2\/media?parent=35588"}],"wp:term":[{"taxonomy":"product_brand","embeddable":true,"href":"https:\/\/melaniemaquinay.com\/en\/wp-json\/wp\/v2\/product_brand?post=35588"},{"taxonomy":"product_cat","embeddable":true,"href":"https:\/\/melaniemaquinay.com\/en\/wp-json\/wp\/v2\/product_cat?post=35588"},{"taxonomy":"product_tag","embeddable":true,"href":"https:\/\/melaniemaquinay.com\/en\/wp-json\/wp\/v2\/product_tag?post=35588"}],"curies":[{"name":"wp","href":"https:\/\/api.w.org\/{rel}","templated":true}]}}