{"id":35479,"date":"2024-09-02T22:46:37","date_gmt":"2024-09-02T20:46:37","guid":{"rendered":"https:\/\/melaniemaquinay.com\/?post_type=product&#038;p=35479"},"modified":"2024-11-27T23:08:49","modified_gmt":"2024-11-27T22:08:49","slug":"print-sur-toile-tropical-rains","status":"publish","type":"product","link":"https:\/\/melaniemaquinay.com\/en\/product\/print-sur-toile-tropical-rains\/","title":{"rendered":"Print sur toile &#8220;Tropical Rains&#8221;"},"content":{"rendered":"<p>Print sur toile. Motif v\u00e9g\u00e9tal bas\u00e9 sur la peinture originale &#8220;Pluies Tropicales&#8221;de la collection de peinture ARTIVISTE.\u00a0La texture de la toile renforce l&#8217;aspect et le toucher naturels de l&#8217;image, cr\u00e9ant ainsi une exp\u00e9rience artistique v\u00e9ritablement immersive et proche de la cr\u00e9ation originale.<\/p>\n<p><strong>Caract\u00e9ristiques :<\/strong><\/p>\n<ul>\n<li><strong>Mat\u00e9riau de la Toile :<\/strong> Le ch\u00e2ssis est fabriqu\u00e9 en bois provenant de sources responsables, principalement certifi\u00e9 FSC. La toile est con\u00e7ue avec un m\u00e9lange de coton et de polyester, avec un poids de 300-350 g\/m\u00b2 (110-130 lb) et une \u00e9paisseur de 350-400 microns.<\/li>\n<li><strong>\u00c9paisseur :<\/strong> deux options : ch\u00e2ssis Slim (2 cm\/0.8 po) et ch\u00e2ssis \u00e9pais (4 cm\/1.6 po).<\/li>\n<li><strong>Tailles disponibles :<\/strong> 26 tailles (en pouces pour les \u00c9tats-Unis et le Canada et en centim\u00e8tres pour le reste du monde). Les tailles peuvent varier l\u00e9g\u00e8rement selon la r\u00e9gion.<\/li>\n<li><strong>Emballage :<\/strong> exp\u00e9di\u00e9 dans un emballage protecteur pour une livraison s\u00e9curis\u00e9e.<\/li>\n<li><strong>Kit de suspension :<\/strong> mat\u00e9riel inclus avec chaque toile pour une installation facile, mais varie selon le pays.<\/li>\n<li><strong>Informations suppl\u00e9mentaires :<\/strong> les bords color\u00e9s ne sont pas pris en charge. Imprim\u00e9 et exp\u00e9di\u00e9 \u00e0 la demande. Pas de minimum de commandes.<\/li>\n<\/ul>\n","protected":false},"excerpt":{"rendered":"<p>Print sur toile. Motif v\u00e9g\u00e9tal bas\u00e9 sur la peinture originale &#8220;Pluies Tropicales&#8221;de la collection de peinture ARTIVISTE.\u00a0La texture de la toile renforce l&#8217;aspect et le toucher naturels de l&#8217;image, cr\u00e9ant ainsi une exp\u00e9rience artistique v\u00e9ritablement immersive et proche de la cr\u00e9ation originale. Caract\u00e9ristiques : Mat\u00e9riau de la Toile : Le ch\u00e2ssis est fabriqu\u00e9 en bois [&hellip;]<\/p>\n","protected":false},"featured_media":35477,"template":"","meta":{"_acf_changed":false,"iawp_total_views":120},"product_brand":[],"product_cat":[747,748],"product_tag":[783,787,786,784,785],"class_list":{"0":"post-35479","1":"product","2":"type-product","3":"status-publish","4":"has-post-thumbnail","6":"product_cat-objet-dart","7":"product_cat-photo-prints","8":"product_tag-arty","9":"product_tag-green","10":"product_tag-pink","11":"product_tag-pluies","12":"product_tag-tropical","14":"first","15":"instock","16":"taxable","17":"shipping-taxable","18":"purchasable","19":"product-type-variable"},"acf":[],"_links":{"self":[{"href":"https:\/\/melaniemaquinay.com\/en\/wp-json\/wp\/v2\/product\/35479","targetHints":{"allow":["GET"]}}],"collection":[{"href":"https:\/\/melaniemaquinay.com\/en\/wp-json\/wp\/v2\/product"}],"about":[{"href":"https:\/\/melaniemaquinay.com\/en\/wp-json\/wp\/v2\/types\/product"}],"wp:featuredmedia":[{"embeddable":true,"href":"https:\/\/melaniemaquinay.com\/en\/wp-json\/wp\/v2\/media\/35477"}],"wp:attachment":[{"href":"https:\/\/melaniemaquinay.com\/en\/wp-json\/wp\/v2\/media?parent=35479"}],"wp:term":[{"taxonomy":"product_brand","embeddable":true,"href":"https:\/\/melaniemaquinay.com\/en\/wp-json\/wp\/v2\/product_brand?post=35479"},{"taxonomy":"product_cat","embeddable":true,"href":"https:\/\/melaniemaquinay.com\/en\/wp-json\/wp\/v2\/product_cat?post=35479"},{"taxonomy":"product_tag","embeddable":true,"href":"https:\/\/melaniemaquinay.com\/en\/wp-json\/wp\/v2\/product_tag?post=35479"}],"curies":[{"name":"wp","href":"https:\/\/api.w.org\/{rel}","templated":true}]}}