{"id":35207,"date":"2024-08-22T18:05:35","date_gmt":"2024-08-22T16:05:35","guid":{"rendered":"https:\/\/melaniemaquinay.com\/?post_type=product&#038;p=35207"},"modified":"2024-11-28T00:00:51","modified_gmt":"2024-11-27T23:00:51","slug":"t-shirt-unisexe-alex-white","status":"publish","type":"product","link":"https:\/\/melaniemaquinay.com\/en\/product\/t-shirt-unisexe-alex-white\/","title":{"rendered":"T-shirt unisexe &#8220;Alex White&#8221;"},"content":{"rendered":"<p>Ce t-shirt en coton \u00e9pais est un produit de base durable avec une coupe classique. L&#8217;un des articles les plus populaires, avec un style d\u00e9contract\u00e9 con\u00e7u pour une utilisation quotidienne.<\/p>\n<ul>\n<li>Col sans couture aiguille double<\/li>\n<li>Manches et ourlet du bas aiguille double<\/li>\n<li>100% coton<\/li>\n<li>Col et \u00e9paules coll\u00e9s pour plus de durabilit\u00e9<\/li>\n<\/ul>\n<p><strong>Guide des tailles<\/strong><\/p>\n<table>\n<tbody>\n<tr>\n<td><\/td>\n<td><strong>S<\/strong><\/td>\n<td><strong>M<\/strong><\/td>\n<td><strong>L<\/strong><\/td>\n<td><strong>XL<\/strong><\/td>\n<td><strong>2XL<\/strong><\/td>\n<td><strong>3XL<\/strong><\/td>\n<td><strong>4XL<\/strong><\/td>\n<td><strong>5XL<\/strong><\/td>\n<\/tr>\n<tr>\n<td><strong>A) Longueur (cm)<\/strong><\/td>\n<td>71.1<\/td>\n<td>73.7<\/td>\n<td>76.2<\/td>\n<td>78.7<\/td>\n<td>81.3<\/td>\n<td>83.8<\/td>\n<td>86<\/td>\n<td>89<\/td>\n<\/tr>\n<tr>\n<td><strong>B) Demi-poitrine (cm)<\/strong><\/td>\n<td>45.7<\/td>\n<td>50.8<\/td>\n<td>55.9<\/td>\n<td>61<\/td>\n<td>66<\/td>\n<td>71.1<\/td>\n<td>76<\/td>\n<td>81<\/td>\n<\/tr>\n<\/tbody>\n<\/table>\n<table>\n<tbody>\n<tr>\n<td><\/td>\n<td><strong>S<\/strong><\/td>\n<td><strong>M<\/strong><\/td>\n<td><strong>L<\/strong><\/td>\n<td><strong>XL<\/strong><\/td>\n<td><strong>2XL<\/strong><\/td>\n<td><strong>3XL<\/strong><\/td>\n<td><strong>4XL<\/strong><\/td>\n<td><strong>5XL<\/strong><\/td>\n<\/tr>\n<tr>\n<td><strong>A) Longueur (pouces)<\/strong><\/td>\n<td>28<\/td>\n<td>29<\/td>\n<td>30<\/td>\n<td>31<\/td>\n<td>32<\/td>\n<td>33<\/td>\n<td>33.9<\/td>\n<td>35<\/td>\n<\/tr>\n<tr>\n<td><strong>B) Demi-poitrine (pouces)<\/strong><\/td>\n<td>18<\/td>\n<td>20<\/td>\n<td>22<\/td>\n<td>24<\/td>\n<td>26<\/td>\n<td>28<\/td>\n<td>29.9<\/td>\n<td>31.9<\/td>\n<\/tr>\n<\/tbody>\n<\/table>\n<p><strong>Conseils d&#8217;entretien<\/strong><\/p>\n<table>\n<tbody>\n<tr>\n<td>G\u00e9n\u00e9ral<\/td>\n<td>Le t-shirt allie confort, style et durabilit\u00e9, ce qui en fait un choix parfait pour une utilisation quotidienne ou pour des activit\u00e9s de bricolage.<\/td>\n<\/tr>\n<tr>\n<td>Lavage<\/td>\n<td>Laver le t-shirt en machine \u00e0 froid avec des couleurs similaires pour conserver la forme et le confort.<\/td>\n<\/tr>\n<tr>\n<td>S\u00e9chage<\/td>\n<td>S\u00e9cher en machine \u00e0 basse temp\u00e9rature ou suspendre \u00e0 l&#8217;air libre pour conserver l&#8217;int\u00e9grit\u00e9 du tissu et la qualit\u00e9 de l&#8217;impression.<\/td>\n<\/tr>\n<tr>\n<td>Rangement<\/td>\n<td>Parfait pour les magasins de d\u00e9tail et les boutiques en ligne \u00e0 la recherche d&#8217;un t-shirt personnalisable de haute qualit\u00e9 soutenant des pratiques de fabrication \u00e9thiques.<\/td>\n<\/tr>\n<\/tbody>\n<\/table>\n","protected":false},"excerpt":{"rendered":"<p>Ce t-shirt en coton \u00e9pais est un produit de base durable avec une coupe classique. L&#8217;un des articles les plus populaires, avec un style d\u00e9contract\u00e9 con\u00e7u pour une utilisation quotidienne. Col sans couture aiguille double Manches et ourlet du bas aiguille double 100% coton Col et \u00e9paules coll\u00e9s pour plus de durabilit\u00e9 Guide des tailles [&hellip;]<\/p>\n","protected":false},"featured_media":35205,"template":"","meta":{"_acf_changed":false,"iawp_total_views":12},"product_brand":[],"product_cat":[742,743],"product_tag":[756,781,788,779,771,757],"class_list":{"0":"post-35207","1":"product","2":"type-product","3":"status-publish","4":"has-post-thumbnail","6":"product_cat-vetement","7":"product_cat-t-shirt","8":"product_tag-art","9":"product_tag-artwork","10":"product_tag-fashion","11":"product_tag-peinture","12":"product_tag-tshirt","13":"product_tag-unique","15":"first","16":"instock","17":"taxable","18":"shipping-taxable","19":"purchasable","20":"product-type-variable"},"acf":[],"_links":{"self":[{"href":"https:\/\/melaniemaquinay.com\/en\/wp-json\/wp\/v2\/product\/35207","targetHints":{"allow":["GET"]}}],"collection":[{"href":"https:\/\/melaniemaquinay.com\/en\/wp-json\/wp\/v2\/product"}],"about":[{"href":"https:\/\/melaniemaquinay.com\/en\/wp-json\/wp\/v2\/types\/product"}],"wp:featuredmedia":[{"embeddable":true,"href":"https:\/\/melaniemaquinay.com\/en\/wp-json\/wp\/v2\/media\/35205"}],"wp:attachment":[{"href":"https:\/\/melaniemaquinay.com\/en\/wp-json\/wp\/v2\/media?parent=35207"}],"wp:term":[{"taxonomy":"product_brand","embeddable":true,"href":"https:\/\/melaniemaquinay.com\/en\/wp-json\/wp\/v2\/product_brand?post=35207"},{"taxonomy":"product_cat","embeddable":true,"href":"https:\/\/melaniemaquinay.com\/en\/wp-json\/wp\/v2\/product_cat?post=35207"},{"taxonomy":"product_tag","embeddable":true,"href":"https:\/\/melaniemaquinay.com\/en\/wp-json\/wp\/v2\/product_tag?post=35207"}],"curies":[{"name":"wp","href":"https:\/\/api.w.org\/{rel}","templated":true}]}}