{"id":33826,"date":"2023-08-31T13:38:58","date_gmt":"2023-08-31T11:38:58","guid":{"rendered":"https:\/\/melaniemaquinay.com\/agenda-events\/"},"modified":"2024-10-22T13:01:54","modified_gmt":"2024-10-22T11:01:54","slug":"agenda-events","status":"publish","type":"page","link":"https:\/\/melaniemaquinay.com\/en\/agenda-events\/","title":{"rendered":"Agenda &amp; events"},"content":{"rendered":"\t\t<div data-elementor-type=\"wp-page\" data-elementor-id=\"33826\" class=\"elementor elementor-33826 elementor-29145\" data-elementor-post-type=\"page\">\n\t\t\t\t<div class=\"elementor-element elementor-element-ecc2c73 e-flex e-con-boxed e-con e-parent\" data-id=\"ecc2c73\" data-element_type=\"container\" data-e-type=\"container\">\n\t\t\t\t\t<div class=\"e-con-inner\">\n\t\t\t\t<div class=\"elementor-element elementor-element-e81d1a9 elementor-widget__width-inherit elementor-widget elementor-widget-MEC\" data-id=\"e81d1a9\" data-element_type=\"widget\" data-e-type=\"widget\" data-widget_type=\"MEC.default\">\n\t\t\t\t<div class=\"elementor-widget-container\">\n\t\t\t\t\t<div id=\"mec_skin_29174\"\r\n     class=\"mec-wrap colorskin-custom   mec-full-calendar-wrap\">\r\n\r\n    <div class=\"mec-search-form mec-totalcal-box\">\r\n                                            <form id=\"mec_search_form_29174\" class=\"mec-dropdown-wrap mec-dropdown-classic\" autocomplete=\"off\">\r\n                <div>\r\n\r\n                    \r\n                    <div class=\"mec-dropdown-wrap\">\r\n                                                    <div class=\"mec-dropdown-search\"><i class=\"mec-sl-folder\"><\/i><select name=' ' id='mec_sf_category_29174' class='postform'>\n\t<option value='' selected='selected'>Category<\/option>\n\t<option class=\"level-0\" value=\"391\">Creative networking evening<\/option>\n\t<option class=\"level-0\" value=\"392\">Expo<\/option>\n\t<option class=\"level-0\" value=\"394\">Free expression day<\/option>\n\t<option class=\"level-0\" value=\"389\">Networking for women entrepreneurs<\/option>\n\t<option class=\"level-0\" value=\"390\">Workshop<\/option>\n<\/select>\n<\/div>                                                                                                                                                                    <\/div>\r\n                <\/div>\r\n                                <div>\r\n                                                        <\/div>\r\n                <div class=\"mec-full-calendar-search-ends\">\r\n                                                                                                    <div class=\"mec-tab-loader\">\r\n                        <div class=\"mec-totalcal-view\">\r\n                                                        <span\r\n                                class=\"mec-totalcal-monthlyview\"\r\n                                data-skin=\"monthly\">Monthly<\/span>                                                                                    <span\r\n                                class=\"mec-totalcal-listview mec-totalcalview-selected\"\r\n                                data-skin=\"list\">List<\/span>                            <span\r\n                                class=\"mec-totalcal-gridview\"\r\n                                data-skin=\"grid\">Grid<\/span>                                                    <\/div>\r\n                    <\/div>\r\n                <\/div>\r\n            <\/form>\r\n            <\/div>\r\n\r\n    <div id=\"mec_full_calendar_container_29174\" class=\"mec-full-calendar-skin-container\">\r\n        <div class=\"mec-wrap mec-skin-list-container  \" id=\"mec_skin_29174\">\r\n\r\n    \r\n        <div class=\"mec-skin-list-events-container\" id=\"mec_skin_events_29174\">\r\n        No event found!    <\/div>\r\n    \r\n    \r\n<\/div>\r\n    <\/div>\r\n\r\n    <\/div>\r\n\t\t\t\t<\/div>\n\t\t\t\t<\/div>\n\t\t\t\t\t<\/div>\n\t\t\t\t<\/div>\n\t\t\t\t<\/div>\n\t\t","protected":false},"excerpt":{"rendered":"<p>Cat\u00e9gorieAtelierExpoJourn\u00e9e d\u2019expression libreNetworking entreprenariat f\u00e9mininSession d\u2019art th\u00e9rapieSoir\u00e9e de networking cr\u00e9atif Mensuelle Liste Grille septembre octobre 2024 novembre LUN MAR MER JEU VEN SAM DIM 30 1 2 3 4 5 PORTES OUVERTES : JDE 2024 (Journ\u00e9e D\u00e9couverte Entreprises SudMedia) PORTES OUVERTES : JDE 2024 (Journ\u00e9e D\u00e9couverte Entreprises SudMedia) 10:00 am &#8211; 12:00 am C&rsquo;est un [&hellip;]<\/p>\n","protected":false},"author":1,"featured_media":0,"parent":0,"menu_order":0,"comment_status":"closed","ping_status":"closed","template":"","meta":{"_acf_changed":false,"iawp_total_views":13,"footnotes":""},"class_list":["post-33826","page","type-page","status-publish","hentry"],"acf":[],"_links":{"self":[{"href":"https:\/\/melaniemaquinay.com\/en\/wp-json\/wp\/v2\/pages\/33826","targetHints":{"allow":["GET"]}}],"collection":[{"href":"https:\/\/melaniemaquinay.com\/en\/wp-json\/wp\/v2\/pages"}],"about":[{"href":"https:\/\/melaniemaquinay.com\/en\/wp-json\/wp\/v2\/types\/page"}],"author":[{"embeddable":true,"href":"https:\/\/melaniemaquinay.com\/en\/wp-json\/wp\/v2\/users\/1"}],"replies":[{"embeddable":true,"href":"https:\/\/melaniemaquinay.com\/en\/wp-json\/wp\/v2\/comments?post=33826"}],"version-history":[{"count":2,"href":"https:\/\/melaniemaquinay.com\/en\/wp-json\/wp\/v2\/pages\/33826\/revisions"}],"predecessor-version":[{"id":35679,"href":"https:\/\/melaniemaquinay.com\/en\/wp-json\/wp\/v2\/pages\/33826\/revisions\/35679"}],"wp:attachment":[{"href":"https:\/\/melaniemaquinay.com\/en\/wp-json\/wp\/v2\/media?parent=33826"}],"curies":[{"name":"wp","href":"https:\/\/api.w.org\/{rel}","templated":true}]}}